{"id":3320,"date":"2018-06-05T17:49:03","date_gmt":"2018-06-05T17:49:03","guid":{"rendered":"https:\/\/vioretjoyas.es\/?post_type=product&#038;p=3320"},"modified":"2021-07-02T23:49:35","modified_gmt":"2021-07-02T21:49:35","slug":"anillo-plata-astrid","status":"publish","type":"product","link":"https:\/\/vioretjoyas.es\/en\/tienda\/exclusive-rings\/anillo-plata-astrid\/","title":{"rendered":"Anillo Plata Astrid"},"content":{"rendered":"<h5><span style=\"color: #993366;\"><em>Anillo Plata Astrid<\/em><\/span><\/h5>\n<p>Si te encanta lucir complementos vistosos y de l\u00edneas modernas, el anillo plata Astrid ser\u00e1 perfecto para ti.<\/p>\n<p>Est\u00e1 fabricado en lat\u00f3n de aleaci\u00f3n fina especial para joyer\u00eda y chapado de rodio en plata de gran resistencia al desgaste. Tiene 2,5 mm de espesor. Est\u00e1 disponible desde la talla 10 hasta la talla 16.<\/p>\n<p>Podr\u00e1s ayudarte de nuestra gu\u00eda de tallas para escoger la medida que mejor se adapte.<\/p>\n<p>Tambi\u00e9n chapado en oro de 18 quilates. Todas nuestras joyas est\u00e1n fabricadas sin n\u00edquel, de acuerdo a la normativa europea.<\/p>\n<p>Podr\u00e1s combinarlo con las joyas m\u00e1s modernas de nuestra colecci\u00f3n.<\/p>\n<p>\u00a1D\u00e9jate seducir por nuestros dise\u00f1os!<\/p>\n","protected":false},"excerpt":{"rendered":"<h5><span style=\"color: #993366;\"><em>Colecci\u00f3n Astrid<\/em><\/span><\/h5>\n<p><strong>Finishing<\/strong><\/p>\n<p><a href=\"https:\/\/vioretjoyas.es\/en\/tienda\/rings\/astrid-gold-ring\/\"><img loading=\"lazy\" decoding=\"async\" class=\"alignnone wp-image-7554\" src=\"https:\/\/vioretjoyas.es\/wp-content\/uploads\/2021\/01\/Cuadro-de-Oro-Producto.jpg\" alt=\"\" width=\"30\" height=\"30\" \/><\/a> \u00a0\u00a0<a href=\"https:\/\/vioretjoyas.es\/en\/tienda\/rings\/anillo-plata-astrid\/\"><img loading=\"lazy\" decoding=\"async\" class=\"alignnone wp-image-7555 size-full\" src=\"https:\/\/vioretjoyas.es\/wp-content\/uploads\/2021\/01\/Cuadro-de-Plata-Producto.jpg\" alt=\"\" width=\"30\" height=\"30\" \/><\/a><\/p>\n<ul>\n<li>Material: Lat\u00f3n de aleaci\u00f3n fina especial para joyer\u00eda<\/li>\n<li>Acabado: Chapado de rodio en plata de gran resistencia al desgaste<\/li>\n<li>Medida: Desde la talla 10 a la 16<\/li>\n<li>Hilo de 2,5 mm de espesor<\/li>\n<li>Motivo: 5 mm de espesor y 2,5 cm de largo<\/li>\n<li>Tambi\u00e9n chapado en oro de 18 quilates<\/li>\n<li>Producto sin n\u00edquel<\/li>\n<li>Las medidas descritas son aproximadas<\/li>\n<\/ul>\n<p>El rodio es un material duro, resistente a la corrosi\u00f3n y al uso diario. Por tanto, las joyas conservan su brillo inicial durante mucho m\u00e1s tiempo, a diferencia de los ba\u00f1os que son menos duraderos.<\/p>\n","protected":false},"featured_media":5821,"comment_status":"open","ping_status":"closed","template":"","meta":{"_joinchat":[]},"product_brand":[],"product_cat":[196,131,64],"product_tag":[],"class_list":{"0":"post-3320","1":"product","2":"type-product","3":"status-publish","4":"has-post-thumbnail","6":"product_cat-excluidos","7":"product_cat-miss-design-jewels-collection","8":"product_cat-exclusive-rings","10":"first","11":"outofstock","12":"taxable","13":"shipping-taxable","14":"purchasable","15":"product-type-variable"},"yoast_head":"<!-- This site is optimized with the Yoast SEO plugin v25.4 - https:\/\/yoast.com\/wordpress\/plugins\/seo\/ -->\n<title>Anillo Plata Astrid - VIORET JEWELS \u00ae<\/title>\n<meta name=\"robots\" content=\"index, follow, max-snippet:-1, max-image-preview:large, max-video-preview:-1\" \/>\n<link rel=\"canonical\" href=\"https:\/\/vioretjoyas.es\/en\/tienda\/exclusive-rings\/anillo-plata-astrid\/\" \/>\n<meta property=\"og:locale\" content=\"en_US\" \/>\n<meta property=\"og:type\" content=\"article\" \/>\n<meta property=\"og:title\" content=\"Anillo Plata Astrid - VIORET JEWELS \u00ae\" \/>\n<meta property=\"og:description\" content=\"Colecci\u00f3n Astrid Finishing   \u00a0\u00a0   Material: Lat\u00f3n de aleaci\u00f3n fina especial para joyer\u00eda  Acabado: Chapado de rodio en plata de gran resistencia al desgaste  Medida: Desde la talla 10 a la 16  Hilo de 2,5 mm de espesor  Motivo: 5 mm de espesor y 2,5 cm de largo  Tambi\u00e9n chapado en oro de 18 quilates  Producto sin n\u00edquel  Las medidas descritas son aproximadas  El rodio es un material duro, resistente a la corrosi\u00f3n y al uso diario. Por tanto, las joyas conservan su brillo inicial durante mucho m\u00e1s tiempo, a diferencia de los ba\u00f1os que son menos duraderos.\" \/>\n<meta property=\"og:url\" content=\"https:\/\/vioretjoyas.es\/en\/tienda\/exclusive-rings\/anillo-plata-astrid\/\" \/>\n<meta property=\"og:site_name\" content=\"VIORET JEWELS \u00ae\" \/>\n<meta property=\"article:modified_time\" content=\"2021-07-02T21:49:35+00:00\" \/>\n<meta property=\"og:image\" content=\"https:\/\/vioretjoyas.es\/en\/wp-content\/uploads\/sites\/7\/2018\/06\/Anillo-Plata-Astrid-Final.jpg\" \/>\n\t<meta property=\"og:image:width\" content=\"1024\" \/>\n\t<meta property=\"og:image:height\" content=\"1024\" \/>\n\t<meta property=\"og:image:type\" content=\"image\/jpeg\" \/>\n<meta name=\"twitter:card\" content=\"summary_large_image\" \/>\n<meta name=\"twitter:label1\" content=\"Est. reading time\" \/>\n\t<meta name=\"twitter:data1\" content=\"1 minute\" \/>\n<script type=\"application\/ld+json\" class=\"yoast-schema-graph\">{\"@context\":\"https:\/\/schema.org\",\"@graph\":[{\"@type\":\"WebPage\",\"@id\":\"https:\/\/vioretjoyas.es\/en\/tienda\/exclusive-rings\/anillo-plata-astrid\/\",\"url\":\"https:\/\/vioretjoyas.es\/en\/tienda\/exclusive-rings\/anillo-plata-astrid\/\",\"name\":\"Anillo Plata Astrid - VIORET JEWELS \u00ae\",\"isPartOf\":{\"@id\":\"https:\/\/vioretjoyas.es\/en\/#website\"},\"primaryImageOfPage\":{\"@id\":\"https:\/\/vioretjoyas.es\/en\/tienda\/exclusive-rings\/anillo-plata-astrid\/#primaryimage\"},\"image\":{\"@id\":\"https:\/\/vioretjoyas.es\/en\/tienda\/exclusive-rings\/anillo-plata-astrid\/#primaryimage\"},\"thumbnailUrl\":\"https:\/\/vioretjoyas.es\/en\/wp-content\/uploads\/sites\/7\/2018\/06\/Anillo-Plata-Astrid-Final.jpg\",\"datePublished\":\"2018-06-05T17:49:03+00:00\",\"dateModified\":\"2021-07-02T21:49:35+00:00\",\"breadcrumb\":{\"@id\":\"https:\/\/vioretjoyas.es\/en\/tienda\/exclusive-rings\/anillo-plata-astrid\/#breadcrumb\"},\"inLanguage\":\"en-US\",\"potentialAction\":[{\"@type\":\"ReadAction\",\"target\":[\"https:\/\/vioretjoyas.es\/en\/tienda\/exclusive-rings\/anillo-plata-astrid\/\"]}]},{\"@type\":\"ImageObject\",\"inLanguage\":\"en-US\",\"@id\":\"https:\/\/vioretjoyas.es\/en\/tienda\/exclusive-rings\/anillo-plata-astrid\/#primaryimage\",\"url\":\"https:\/\/vioretjoyas.es\/en\/wp-content\/uploads\/sites\/7\/2018\/06\/Anillo-Plata-Astrid-Final.jpg\",\"contentUrl\":\"https:\/\/vioretjoyas.es\/en\/wp-content\/uploads\/sites\/7\/2018\/06\/Anillo-Plata-Astrid-Final.jpg\",\"width\":1024,\"height\":1024},{\"@type\":\"BreadcrumbList\",\"@id\":\"https:\/\/vioretjoyas.es\/en\/tienda\/exclusive-rings\/anillo-plata-astrid\/#breadcrumb\",\"itemListElement\":[{\"@type\":\"ListItem\",\"position\":1,\"name\":\"Portada\",\"item\":\"https:\/\/vioretjoyas.es\/en\/\"},{\"@type\":\"ListItem\",\"position\":2,\"name\":\"Shop\",\"item\":\"https:\/\/vioretjoyas.es\/en\/tienda\/\"},{\"@type\":\"ListItem\",\"position\":3,\"name\":\"Anillo Plata Astrid\"}]},{\"@type\":\"WebSite\",\"@id\":\"https:\/\/vioretjoyas.es\/en\/#website\",\"url\":\"https:\/\/vioretjoyas.es\/en\/\",\"name\":\"VIORET JEWELS \u00ae\",\"description\":\"Joyas Pure Design by Cris Vioret\",\"potentialAction\":[{\"@type\":\"SearchAction\",\"target\":{\"@type\":\"EntryPoint\",\"urlTemplate\":\"https:\/\/vioretjoyas.es\/en\/?s={search_term_string}\"},\"query-input\":{\"@type\":\"PropertyValueSpecification\",\"valueRequired\":true,\"valueName\":\"search_term_string\"}}],\"inLanguage\":\"en-US\"}]}<\/script>\n<!-- \/ Yoast SEO plugin. -->","yoast_head_json":{"title":"Anillo Plata Astrid - VIORET JEWELS \u00ae","robots":{"index":"index","follow":"follow","max-snippet":"max-snippet:-1","max-image-preview":"max-image-preview:large","max-video-preview":"max-video-preview:-1"},"canonical":"https:\/\/vioretjoyas.es\/en\/tienda\/exclusive-rings\/anillo-plata-astrid\/","og_locale":"en_US","og_type":"article","og_title":"Anillo Plata Astrid - VIORET JEWELS \u00ae","og_description":"Colecci\u00f3n Astrid Finishing   \u00a0\u00a0   Material: Lat\u00f3n de aleaci\u00f3n fina especial para joyer\u00eda  Acabado: Chapado de rodio en plata de gran resistencia al desgaste  Medida: Desde la talla 10 a la 16  Hilo de 2,5 mm de espesor  Motivo: 5 mm de espesor y 2,5 cm de largo  Tambi\u00e9n chapado en oro de 18 quilates  Producto sin n\u00edquel  Las medidas descritas son aproximadas  El rodio es un material duro, resistente a la corrosi\u00f3n y al uso diario. Por tanto, las joyas conservan su brillo inicial durante mucho m\u00e1s tiempo, a diferencia de los ba\u00f1os que son menos duraderos.","og_url":"https:\/\/vioretjoyas.es\/en\/tienda\/exclusive-rings\/anillo-plata-astrid\/","og_site_name":"VIORET JEWELS \u00ae","article_modified_time":"2021-07-02T21:49:35+00:00","og_image":[{"width":1024,"height":1024,"url":"https:\/\/vioretjoyas.es\/en\/wp-content\/uploads\/sites\/7\/2018\/06\/Anillo-Plata-Astrid-Final.jpg","type":"image\/jpeg"}],"twitter_card":"summary_large_image","twitter_misc":{"Est. reading time":"1 minute"},"schema":{"@context":"https:\/\/schema.org","@graph":[{"@type":"WebPage","@id":"https:\/\/vioretjoyas.es\/en\/tienda\/exclusive-rings\/anillo-plata-astrid\/","url":"https:\/\/vioretjoyas.es\/en\/tienda\/exclusive-rings\/anillo-plata-astrid\/","name":"Anillo Plata Astrid - VIORET JEWELS \u00ae","isPartOf":{"@id":"https:\/\/vioretjoyas.es\/en\/#website"},"primaryImageOfPage":{"@id":"https:\/\/vioretjoyas.es\/en\/tienda\/exclusive-rings\/anillo-plata-astrid\/#primaryimage"},"image":{"@id":"https:\/\/vioretjoyas.es\/en\/tienda\/exclusive-rings\/anillo-plata-astrid\/#primaryimage"},"thumbnailUrl":"https:\/\/vioretjoyas.es\/en\/wp-content\/uploads\/sites\/7\/2018\/06\/Anillo-Plata-Astrid-Final.jpg","datePublished":"2018-06-05T17:49:03+00:00","dateModified":"2021-07-02T21:49:35+00:00","breadcrumb":{"@id":"https:\/\/vioretjoyas.es\/en\/tienda\/exclusive-rings\/anillo-plata-astrid\/#breadcrumb"},"inLanguage":"en-US","potentialAction":[{"@type":"ReadAction","target":["https:\/\/vioretjoyas.es\/en\/tienda\/exclusive-rings\/anillo-plata-astrid\/"]}]},{"@type":"ImageObject","inLanguage":"en-US","@id":"https:\/\/vioretjoyas.es\/en\/tienda\/exclusive-rings\/anillo-plata-astrid\/#primaryimage","url":"https:\/\/vioretjoyas.es\/en\/wp-content\/uploads\/sites\/7\/2018\/06\/Anillo-Plata-Astrid-Final.jpg","contentUrl":"https:\/\/vioretjoyas.es\/en\/wp-content\/uploads\/sites\/7\/2018\/06\/Anillo-Plata-Astrid-Final.jpg","width":1024,"height":1024},{"@type":"BreadcrumbList","@id":"https:\/\/vioretjoyas.es\/en\/tienda\/exclusive-rings\/anillo-plata-astrid\/#breadcrumb","itemListElement":[{"@type":"ListItem","position":1,"name":"Portada","item":"https:\/\/vioretjoyas.es\/en\/"},{"@type":"ListItem","position":2,"name":"Shop","item":"https:\/\/vioretjoyas.es\/en\/tienda\/"},{"@type":"ListItem","position":3,"name":"Anillo Plata Astrid"}]},{"@type":"WebSite","@id":"https:\/\/vioretjoyas.es\/en\/#website","url":"https:\/\/vioretjoyas.es\/en\/","name":"VIORET JEWELS \u00ae","description":"Joyas Pure Design by Cris Vioret","potentialAction":[{"@type":"SearchAction","target":{"@type":"EntryPoint","urlTemplate":"https:\/\/vioretjoyas.es\/en\/?s={search_term_string}"},"query-input":{"@type":"PropertyValueSpecification","valueRequired":true,"valueName":"search_term_string"}}],"inLanguage":"en-US"}]}},"_links":{"self":[{"href":"https:\/\/vioretjoyas.es\/en\/wp-json\/wp\/v2\/product\/3320","targetHints":{"allow":["GET"]}}],"collection":[{"href":"https:\/\/vioretjoyas.es\/en\/wp-json\/wp\/v2\/product"}],"about":[{"href":"https:\/\/vioretjoyas.es\/en\/wp-json\/wp\/v2\/types\/product"}],"replies":[{"embeddable":true,"href":"https:\/\/vioretjoyas.es\/en\/wp-json\/wp\/v2\/comments?post=3320"}],"wp:featuredmedia":[{"embeddable":true,"href":"https:\/\/vioretjoyas.es\/en\/wp-json\/wp\/v2\/media\/5821"}],"wp:attachment":[{"href":"https:\/\/vioretjoyas.es\/en\/wp-json\/wp\/v2\/media?parent=3320"}],"wp:term":[{"taxonomy":"product_brand","embeddable":true,"href":"https:\/\/vioretjoyas.es\/en\/wp-json\/wp\/v2\/product_brand?post=3320"},{"taxonomy":"product_cat","embeddable":true,"href":"https:\/\/vioretjoyas.es\/en\/wp-json\/wp\/v2\/product_cat?post=3320"},{"taxonomy":"product_tag","embeddable":true,"href":"https:\/\/vioretjoyas.es\/en\/wp-json\/wp\/v2\/product_tag?post=3320"}],"curies":[{"name":"wp","href":"https:\/\/api.w.org\/{rel}","templated":true}]}}