{"id":3474,"date":"2018-07-05T15:09:46","date_gmt":"2018-07-05T13:09:46","guid":{"rendered":"https:\/\/vioretjoyas.es\/?post_type=product&#038;p=3474"},"modified":"2021-11-07T21:57:09","modified_gmt":"2021-11-07T20:57:09","slug":"charity-gold-jewel","status":"publish","type":"product","link":"https:\/\/vioretjoyas.es\/en\/tienda\/exclusive-earrings\/gold-finished-earrings\/charity-gold-jewel\/","title":{"rendered":"Charity Gold Jewel"},"content":{"rendered":"<h2><span style=\"color: #993366;\"><em>Charity Gold Jewel<\/em><\/span><\/h2>\n<p>VIORET, in its social commitment, wants to contribute to solidarity causes. For this reason, we collaborate with a renewable\u00a0<strong>charitable jewel<\/strong>, whose monetary value will be in part donated, to the AECC (Asociaci\u00f3n Espa\u00f1ola Contra el C\u00e1ncer), (<strong>Spanish Association Against Cancer<\/strong>). <strong>The 70% of the sale price<\/strong>\u00a0(except the shipping costs) will be donated to the AECC.<\/p>\n<p>A design to wear in your day to day and that you can combine with any style.<\/p>\n<p>Charity Gold Jewel is made of special brass for fine jewelry and 18K gold-plated of high wear resistance. They measure 5 cm length and 1,7 cm stud. Push back clasp. The chain is 2.2 mm thick.<\/p>\n<p>It is also available in rhodium silver plated \u25b7 <a href=\"https:\/\/vioretjoyas.es\/en\/tienda\/earrings\/charity-silver-jewel\/\"><strong><em><span style=\"color: #993366;\">Charity Silver Jewel<\/span><\/em><\/strong><\/a>. All our jewelry is made without nickel, according to European regulations.<\/p>\n<p>In addition, it can be combined with bracelets, necklaces and basic rings.<\/p>\n<p>Elegance is in simplicity<\/p>\n","protected":false},"excerpt":{"rendered":"<p>VIORET, in its social commitment, wants to contribute to solidarity causes. For this reason, we collaborate with a renewable\u00a0<strong>charitable jewel<\/strong>, whose monetary value will be in part donated, to the AECC (Asociaci\u00f3n Espa\u00f1ola Contra el C\u00e1ncer), (<strong>Spanish Association Against Cancer<\/strong>). <strong>The 70% of the sale price<\/strong>\u00a0(except the shipping costs) will be donated to the AECC.<\/p>\n<p>You can find more information in the section of our website <em>Charity Jewel<\/em>.<\/p>\n<p><em>Design owned by Cris Vioret<\/em><\/p>\n<h5><strong>Finishing<\/strong><\/h5>\n<p><a href=\"https:\/\/vioretjoyas.es\/en\/tienda\/earrings\/charity-gold-jewel\/\"><img loading=\"lazy\" decoding=\"async\" class=\"alignnone wp-image-7554\" src=\"https:\/\/vioretjoyas.es\/wp-content\/uploads\/2021\/01\/Cuadro-de-Oro-Producto.jpg\" alt=\"\" width=\"30\" height=\"30\" \/><\/a> \u00a0\u00a0<a href=\"https:\/\/vioretjoyas.es\/en\/tienda\/earrings\/charity-silver-jewel\/\"><img loading=\"lazy\" decoding=\"async\" class=\"alignnone wp-image-7555 size-full\" src=\"https:\/\/vioretjoyas.es\/wp-content\/uploads\/2021\/01\/Cuadro-de-Plata-Producto.jpg\" alt=\"\" width=\"30\" height=\"30\" \/><\/a><\/p>\n<ul>\n<li>Material: Special brass for fine jewelry<\/li>\n<li>Finishing: 18K gold-plated of high wear resistance<\/li>\n<li>Measurement: 5 cm length and 1,7 cm stud<\/li>\n<li>Chain thickness: 2,2 mm<\/li>\n<li>Push-back clasp<\/li>\n<li>Also in silver rhodium plating<\/li>\n<li>Hypoallergenic item, nickel-Free<\/li>\n<li>Approximate measurements<\/li>\n<\/ul>\n<p>It is a hard material resistant to corrosion and daily use. Therefore, jewels keep their initial appearance for much longer, unlike baths that are less durable.<\/p>\n<p><img loading=\"lazy\" decoding=\"async\" class=\"alignnone wp-image-7844\" src=\"https:\/\/vioretjoyas.es\/en\/wp-content\/uploads\/sites\/7\/2019\/06\/Lingote-Oro-In-215x300.jpg\" alt=\"\" width=\"60\" height=\"84\" srcset=\"https:\/\/vioretjoyas.es\/en\/wp-content\/uploads\/sites\/7\/2019\/06\/Lingote-Oro-In-215x300.jpg 215w, https:\/\/vioretjoyas.es\/en\/wp-content\/uploads\/sites\/7\/2019\/06\/Lingote-Oro-In.jpg 311w\" sizes=\"auto, (max-width: 60px) 100vw, 60px\" \/> <img loading=\"lazy\" decoding=\"async\" class=\"alignnone wp-image-7853\" src=\"https:\/\/vioretjoyas.es\/en\/wp-content\/uploads\/sites\/7\/2019\/06\/Plantilla-Iconos-Producto-In-1-215x300.jpg\" alt=\"\" width=\"60\" height=\"84\" srcset=\"https:\/\/vioretjoyas.es\/en\/wp-content\/uploads\/sites\/7\/2019\/06\/Plantilla-Iconos-Producto-In-1-215x300.jpg 215w, https:\/\/vioretjoyas.es\/en\/wp-content\/uploads\/sites\/7\/2019\/06\/Plantilla-Iconos-Producto-In-1.jpg 311w\" sizes=\"auto, (max-width: 60px) 100vw, 60px\" \/> <img loading=\"lazy\" decoding=\"async\" class=\"alignnone wp-image-7841\" src=\"https:\/\/vioretjoyas.es\/en\/wp-content\/uploads\/sites\/7\/2019\/06\/Disenos-Exclusivos-In-215x300.jpg\" alt=\"\" width=\"60\" height=\"84\" srcset=\"https:\/\/vioretjoyas.es\/en\/wp-content\/uploads\/sites\/7\/2019\/06\/Disenos-Exclusivos-In-215x300.jpg 215w, https:\/\/vioretjoyas.es\/en\/wp-content\/uploads\/sites\/7\/2019\/06\/Disenos-Exclusivos-In.jpg 311w\" sizes=\"auto, (max-width: 60px) 100vw, 60px\" \/> <a href=\"https:\/\/vioretjoyas.es\/en\/shipping\/\"><img loading=\"lazy\" decoding=\"async\" class=\"alignnone wp-image-7843\" src=\"https:\/\/vioretjoyas.es\/en\/wp-content\/uploads\/sites\/7\/2019\/06\/Envios-Recortada-Ingles-215x300.jpg\" alt=\"\" width=\"60\" height=\"84\" srcset=\"https:\/\/vioretjoyas.es\/en\/wp-content\/uploads\/sites\/7\/2019\/06\/Envios-Recortada-Ingles-215x300.jpg 215w, https:\/\/vioretjoyas.es\/en\/wp-content\/uploads\/sites\/7\/2019\/06\/Envios-Recortada-Ingles.jpg 311w\" sizes=\"auto, (max-width: 60px) 100vw, 60px\" \/><\/a> <a href=\"https:\/\/vioretjoyas.es\/en\/cambios-y-devoluciones\/\"><img loading=\"lazy\" decoding=\"async\" class=\"alignnone wp-image-7858\" src=\"https:\/\/vioretjoyas.es\/en\/wp-content\/uploads\/sites\/7\/2018\/12\/Envio-Gratis-Ingles-envio-215x300.jpg\" alt=\"\" width=\"60\" height=\"84\" srcset=\"https:\/\/vioretjoyas.es\/en\/wp-content\/uploads\/sites\/7\/2018\/12\/Envio-Gratis-Ingles-envio-215x300.jpg 215w, https:\/\/vioretjoyas.es\/en\/wp-content\/uploads\/sites\/7\/2018\/12\/Envio-Gratis-Ingles-envio.jpg 311w\" sizes=\"auto, (max-width: 60px) 100vw, 60px\" \/><\/a> <img loading=\"lazy\" decoding=\"async\" class=\"alignnone wp-image-7840\" src=\"https:\/\/vioretjoyas.es\/en\/wp-content\/uploads\/sites\/7\/2019\/06\/Compra-Protegida-in-215x300.jpg\" alt=\"\" width=\"60\" height=\"84\" srcset=\"https:\/\/vioretjoyas.es\/en\/wp-content\/uploads\/sites\/7\/2019\/06\/Compra-Protegida-in-215x300.jpg 215w, https:\/\/vioretjoyas.es\/en\/wp-content\/uploads\/sites\/7\/2019\/06\/Compra-Protegida-in.jpg 311w\" sizes=\"auto, (max-width: 60px) 100vw, 60px\" \/> <img loading=\"lazy\" decoding=\"async\" class=\"alignnone wp-image-7850\" src=\"https:\/\/vioretjoyas.es\/en\/wp-content\/uploads\/sites\/7\/2019\/06\/Mapa-Espana-215x300.jpg\" alt=\"\" width=\"60\" height=\"84\" srcset=\"https:\/\/vioretjoyas.es\/en\/wp-content\/uploads\/sites\/7\/2019\/06\/Mapa-Espana-215x300.jpg 215w, https:\/\/vioretjoyas.es\/en\/wp-content\/uploads\/sites\/7\/2019\/06\/Mapa-Espana.jpg 311w\" sizes=\"auto, (max-width: 60px) 100vw, 60px\" \/><\/p>\n","protected":false},"featured_media":5251,"comment_status":"open","ping_status":"closed","template":"","meta":{"_joinchat":[]},"product_brand":[],"product_cat":[188,65,131,67,175],"product_tag":[],"class_list":{"0":"post-3474","1":"product","2":"type-product","3":"status-publish","4":"has-post-thumbnail","6":"product_cat-gold-finished-earrings","7":"product_cat-exclusive-earrings","8":"product_cat-miss-design-jewels-collection","9":"product_cat-exclusive-new-in","10":"product_cat-selection-from-36e-to-50e","12":"first","13":"instock","14":"featured","15":"taxable","16":"shipping-taxable","17":"purchasable","18":"product-type-simple"},"yoast_head":"<!-- This site is optimized with the Yoast SEO plugin v25.4 - https:\/\/yoast.com\/wordpress\/plugins\/seo\/ -->\n<title>Charity Gold Jewel - VIORET JEWELS \u00ae<\/title>\n<meta name=\"robots\" content=\"index, follow, max-snippet:-1, max-image-preview:large, max-video-preview:-1\" \/>\n<link rel=\"canonical\" href=\"https:\/\/vioretjoyas.es\/en\/tienda\/exclusive-earrings\/gold-finished-earrings\/charity-gold-jewel\/\" \/>\n<meta property=\"og:locale\" content=\"en_US\" \/>\n<meta property=\"og:type\" content=\"article\" \/>\n<meta property=\"og:title\" content=\"Charity Gold Jewel - VIORET JEWELS \u00ae\" \/>\n<meta property=\"og:description\" content=\"VIORET, in its social commitment, wants to contribute to solidarity causes. For this reason, we collaborate with a renewable\u00a0charitable jewel, whose monetary value will be in part donated, to the AECC (Asociaci\u00f3n Espa\u00f1ola Contra el C\u00e1ncer), (Spanish Association Against Cancer). The 70% of the sale price\u00a0(except the shipping costs) will be donated to the AECC.  You can find more information in the section of our website Charity Jewel.  Design owned by Cris Vioret Finishing  \u00a0\u00a0   Material: Special brass for fine jewelry  Finishing: 18K gold-plated of high wear resistance  Measurement: 5 cm length and 1,7 cm stud  Chain thickness: 2,2 mm  Push-back clasp  Also in silver rhodium plating  Hypoallergenic item, nickel-Free  Approximate measurements  It is a hard material resistant to corrosion and daily use. Therefore, jewels keep their initial appearance for much longer, unlike baths that are less durable.\" \/>\n<meta property=\"og:url\" content=\"https:\/\/vioretjoyas.es\/en\/tienda\/exclusive-earrings\/gold-finished-earrings\/charity-gold-jewel\/\" \/>\n<meta property=\"og:site_name\" content=\"VIORET JEWELS \u00ae\" \/>\n<meta property=\"article:modified_time\" content=\"2021-11-07T20:57:09+00:00\" \/>\n<meta property=\"og:image\" content=\"https:\/\/vioretjoyas.es\/en\/wp-content\/uploads\/sites\/7\/2018\/07\/Pendientes-Oro-Zarina.jpg\" \/>\n\t<meta property=\"og:image:width\" content=\"1024\" \/>\n\t<meta property=\"og:image:height\" content=\"1024\" \/>\n\t<meta property=\"og:image:type\" content=\"image\/jpeg\" \/>\n<meta name=\"twitter:card\" content=\"summary_large_image\" \/>\n<meta name=\"twitter:label1\" content=\"Est. reading time\" \/>\n\t<meta name=\"twitter:data1\" content=\"1 minute\" \/>\n<script type=\"application\/ld+json\" class=\"yoast-schema-graph\">{\"@context\":\"https:\/\/schema.org\",\"@graph\":[{\"@type\":\"WebPage\",\"@id\":\"https:\/\/vioretjoyas.es\/en\/tienda\/exclusive-earrings\/gold-finished-earrings\/charity-gold-jewel\/\",\"url\":\"https:\/\/vioretjoyas.es\/en\/tienda\/exclusive-earrings\/gold-finished-earrings\/charity-gold-jewel\/\",\"name\":\"Charity Gold Jewel - VIORET JEWELS \u00ae\",\"isPartOf\":{\"@id\":\"https:\/\/vioretjoyas.es\/en\/#website\"},\"primaryImageOfPage\":{\"@id\":\"https:\/\/vioretjoyas.es\/en\/tienda\/exclusive-earrings\/gold-finished-earrings\/charity-gold-jewel\/#primaryimage\"},\"image\":{\"@id\":\"https:\/\/vioretjoyas.es\/en\/tienda\/exclusive-earrings\/gold-finished-earrings\/charity-gold-jewel\/#primaryimage\"},\"thumbnailUrl\":\"https:\/\/vioretjoyas.es\/en\/wp-content\/uploads\/sites\/7\/2018\/07\/Pendientes-Oro-Zarina.jpg\",\"datePublished\":\"2018-07-05T13:09:46+00:00\",\"dateModified\":\"2021-11-07T20:57:09+00:00\",\"breadcrumb\":{\"@id\":\"https:\/\/vioretjoyas.es\/en\/tienda\/exclusive-earrings\/gold-finished-earrings\/charity-gold-jewel\/#breadcrumb\"},\"inLanguage\":\"en-US\",\"potentialAction\":[{\"@type\":\"ReadAction\",\"target\":[\"https:\/\/vioretjoyas.es\/en\/tienda\/exclusive-earrings\/gold-finished-earrings\/charity-gold-jewel\/\"]}]},{\"@type\":\"ImageObject\",\"inLanguage\":\"en-US\",\"@id\":\"https:\/\/vioretjoyas.es\/en\/tienda\/exclusive-earrings\/gold-finished-earrings\/charity-gold-jewel\/#primaryimage\",\"url\":\"https:\/\/vioretjoyas.es\/en\/wp-content\/uploads\/sites\/7\/2018\/07\/Pendientes-Oro-Zarina.jpg\",\"contentUrl\":\"https:\/\/vioretjoyas.es\/en\/wp-content\/uploads\/sites\/7\/2018\/07\/Pendientes-Oro-Zarina.jpg\",\"width\":1024,\"height\":1024},{\"@type\":\"BreadcrumbList\",\"@id\":\"https:\/\/vioretjoyas.es\/en\/tienda\/exclusive-earrings\/gold-finished-earrings\/charity-gold-jewel\/#breadcrumb\",\"itemListElement\":[{\"@type\":\"ListItem\",\"position\":1,\"name\":\"Portada\",\"item\":\"https:\/\/vioretjoyas.es\/en\/\"},{\"@type\":\"ListItem\",\"position\":2,\"name\":\"Shop\",\"item\":\"https:\/\/vioretjoyas.es\/en\/tienda\/\"},{\"@type\":\"ListItem\",\"position\":3,\"name\":\"Charity Gold Jewel\"}]},{\"@type\":\"WebSite\",\"@id\":\"https:\/\/vioretjoyas.es\/en\/#website\",\"url\":\"https:\/\/vioretjoyas.es\/en\/\",\"name\":\"VIORET JEWELS \u00ae\",\"description\":\"Joyas Pure Design by Cris Vioret\",\"potentialAction\":[{\"@type\":\"SearchAction\",\"target\":{\"@type\":\"EntryPoint\",\"urlTemplate\":\"https:\/\/vioretjoyas.es\/en\/?s={search_term_string}\"},\"query-input\":{\"@type\":\"PropertyValueSpecification\",\"valueRequired\":true,\"valueName\":\"search_term_string\"}}],\"inLanguage\":\"en-US\"}]}<\/script>\n<!-- \/ Yoast SEO plugin. -->","yoast_head_json":{"title":"Charity Gold Jewel - VIORET JEWELS \u00ae","robots":{"index":"index","follow":"follow","max-snippet":"max-snippet:-1","max-image-preview":"max-image-preview:large","max-video-preview":"max-video-preview:-1"},"canonical":"https:\/\/vioretjoyas.es\/en\/tienda\/exclusive-earrings\/gold-finished-earrings\/charity-gold-jewel\/","og_locale":"en_US","og_type":"article","og_title":"Charity Gold Jewel - VIORET JEWELS \u00ae","og_description":"VIORET, in its social commitment, wants to contribute to solidarity causes. For this reason, we collaborate with a renewable\u00a0charitable jewel, whose monetary value will be in part donated, to the AECC (Asociaci\u00f3n Espa\u00f1ola Contra el C\u00e1ncer), (Spanish Association Against Cancer). The 70% of the sale price\u00a0(except the shipping costs) will be donated to the AECC.  You can find more information in the section of our website Charity Jewel.  Design owned by Cris Vioret Finishing  \u00a0\u00a0   Material: Special brass for fine jewelry  Finishing: 18K gold-plated of high wear resistance  Measurement: 5 cm length and 1,7 cm stud  Chain thickness: 2,2 mm  Push-back clasp  Also in silver rhodium plating  Hypoallergenic item, nickel-Free  Approximate measurements  It is a hard material resistant to corrosion and daily use. Therefore, jewels keep their initial appearance for much longer, unlike baths that are less durable.","og_url":"https:\/\/vioretjoyas.es\/en\/tienda\/exclusive-earrings\/gold-finished-earrings\/charity-gold-jewel\/","og_site_name":"VIORET JEWELS \u00ae","article_modified_time":"2021-11-07T20:57:09+00:00","og_image":[{"width":1024,"height":1024,"url":"https:\/\/vioretjoyas.es\/en\/wp-content\/uploads\/sites\/7\/2018\/07\/Pendientes-Oro-Zarina.jpg","type":"image\/jpeg"}],"twitter_card":"summary_large_image","twitter_misc":{"Est. reading time":"1 minute"},"schema":{"@context":"https:\/\/schema.org","@graph":[{"@type":"WebPage","@id":"https:\/\/vioretjoyas.es\/en\/tienda\/exclusive-earrings\/gold-finished-earrings\/charity-gold-jewel\/","url":"https:\/\/vioretjoyas.es\/en\/tienda\/exclusive-earrings\/gold-finished-earrings\/charity-gold-jewel\/","name":"Charity Gold Jewel - VIORET JEWELS \u00ae","isPartOf":{"@id":"https:\/\/vioretjoyas.es\/en\/#website"},"primaryImageOfPage":{"@id":"https:\/\/vioretjoyas.es\/en\/tienda\/exclusive-earrings\/gold-finished-earrings\/charity-gold-jewel\/#primaryimage"},"image":{"@id":"https:\/\/vioretjoyas.es\/en\/tienda\/exclusive-earrings\/gold-finished-earrings\/charity-gold-jewel\/#primaryimage"},"thumbnailUrl":"https:\/\/vioretjoyas.es\/en\/wp-content\/uploads\/sites\/7\/2018\/07\/Pendientes-Oro-Zarina.jpg","datePublished":"2018-07-05T13:09:46+00:00","dateModified":"2021-11-07T20:57:09+00:00","breadcrumb":{"@id":"https:\/\/vioretjoyas.es\/en\/tienda\/exclusive-earrings\/gold-finished-earrings\/charity-gold-jewel\/#breadcrumb"},"inLanguage":"en-US","potentialAction":[{"@type":"ReadAction","target":["https:\/\/vioretjoyas.es\/en\/tienda\/exclusive-earrings\/gold-finished-earrings\/charity-gold-jewel\/"]}]},{"@type":"ImageObject","inLanguage":"en-US","@id":"https:\/\/vioretjoyas.es\/en\/tienda\/exclusive-earrings\/gold-finished-earrings\/charity-gold-jewel\/#primaryimage","url":"https:\/\/vioretjoyas.es\/en\/wp-content\/uploads\/sites\/7\/2018\/07\/Pendientes-Oro-Zarina.jpg","contentUrl":"https:\/\/vioretjoyas.es\/en\/wp-content\/uploads\/sites\/7\/2018\/07\/Pendientes-Oro-Zarina.jpg","width":1024,"height":1024},{"@type":"BreadcrumbList","@id":"https:\/\/vioretjoyas.es\/en\/tienda\/exclusive-earrings\/gold-finished-earrings\/charity-gold-jewel\/#breadcrumb","itemListElement":[{"@type":"ListItem","position":1,"name":"Portada","item":"https:\/\/vioretjoyas.es\/en\/"},{"@type":"ListItem","position":2,"name":"Shop","item":"https:\/\/vioretjoyas.es\/en\/tienda\/"},{"@type":"ListItem","position":3,"name":"Charity Gold Jewel"}]},{"@type":"WebSite","@id":"https:\/\/vioretjoyas.es\/en\/#website","url":"https:\/\/vioretjoyas.es\/en\/","name":"VIORET JEWELS \u00ae","description":"Joyas Pure Design by Cris Vioret","potentialAction":[{"@type":"SearchAction","target":{"@type":"EntryPoint","urlTemplate":"https:\/\/vioretjoyas.es\/en\/?s={search_term_string}"},"query-input":{"@type":"PropertyValueSpecification","valueRequired":true,"valueName":"search_term_string"}}],"inLanguage":"en-US"}]}},"_links":{"self":[{"href":"https:\/\/vioretjoyas.es\/en\/wp-json\/wp\/v2\/product\/3474","targetHints":{"allow":["GET"]}}],"collection":[{"href":"https:\/\/vioretjoyas.es\/en\/wp-json\/wp\/v2\/product"}],"about":[{"href":"https:\/\/vioretjoyas.es\/en\/wp-json\/wp\/v2\/types\/product"}],"replies":[{"embeddable":true,"href":"https:\/\/vioretjoyas.es\/en\/wp-json\/wp\/v2\/comments?post=3474"}],"wp:featuredmedia":[{"embeddable":true,"href":"https:\/\/vioretjoyas.es\/en\/wp-json\/wp\/v2\/media\/5251"}],"wp:attachment":[{"href":"https:\/\/vioretjoyas.es\/en\/wp-json\/wp\/v2\/media?parent=3474"}],"wp:term":[{"taxonomy":"product_brand","embeddable":true,"href":"https:\/\/vioretjoyas.es\/en\/wp-json\/wp\/v2\/product_brand?post=3474"},{"taxonomy":"product_cat","embeddable":true,"href":"https:\/\/vioretjoyas.es\/en\/wp-json\/wp\/v2\/product_cat?post=3474"},{"taxonomy":"product_tag","embeddable":true,"href":"https:\/\/vioretjoyas.es\/en\/wp-json\/wp\/v2\/product_tag?post=3474"}],"curies":[{"name":"wp","href":"https:\/\/api.w.org\/{rel}","templated":true}]}}