{"id":3477,"date":"2018-07-05T15:20:06","date_gmt":"2018-07-05T13:20:06","guid":{"rendered":"https:\/\/vioretjoyas.es\/?post_type=product&#038;p=3477"},"modified":"2021-11-07T21:57:01","modified_gmt":"2021-11-07T20:57:01","slug":"charity-silver-jewel","status":"publish","type":"product","link":"https:\/\/vioretjoyas.es\/en\/tienda\/exclusive-earrings\/silver-finished-earrings\/charity-silver-jewel\/","title":{"rendered":"Charity Silver Jewel"},"content":{"rendered":"<h5><span style=\"color: #993366;\"><em>Charity Silver Jewel<\/em><\/span><\/h5>\n<p>VIORET, in its social commitment, wants to contribute to solidarity causes. For this reason, we collaborate with a renewable\u00a0<strong>charitable jewel<\/strong>, whose monetary value will be in part donated, to the AECC (Asociaci\u00f3n Espa\u00f1ola Contra el C\u00e1ncer), (<strong>Spanish Association Against Cancer<\/strong>). <strong>The 70% of the sale price<\/strong>\u00a0(except the shipping costs) will be donated to the AECC.<\/p>\n<p>A design to wear in your day to day and that you can combine with any style.<\/p>\n<p>Charity Silver Jewel is made of special brass for fine jewelry and plated in rhodium silver. They measure 5 cm length and 1,7 cm stud. Push back clasp. The chain is 2.2 mm thick.<\/p>\n<p>It is also available in 18K gold-plated of high wear resistance \u25b7<a href=\"https:\/\/vioretjoyas.es\/en\/tienda\/earrings\/charity-gold-jewel\/\"><span style=\"color: #993366;\"><strong><em> Charity Gold Jewel<\/em><\/strong><\/span><\/a>. All our jewelry is made without nickel, according to European regulations.<\/p>\n<p>In addition, it can be combined with bracelets, necklaces and basic rings.<\/p>\n<p>Elegance is in simplicity<\/p>\n","protected":false},"excerpt":{"rendered":"<p>VIORET, in its social commitment, wants to contribute to solidarity causes. For this reason, we collaborate with a renewable\u00a0<strong>charitable jewel<\/strong>, whose monetary value will be in part donated, to the AECC (Asociaci\u00f3n Espa\u00f1ola Contra el C\u00e1ncer), (<strong>Spanish Association Against Cancer<\/strong>). <strong>The 70% of the sale price<\/strong>\u00a0(except the shipping costs) will be donated to the AECC.<\/p>\n<p>You can find more information in the section of our website <em>Charity Jewel<\/em>.<\/p>\n<p><em>Design owned by Cris Vioret<\/em><\/p>\n<h5><strong>Finishing<\/strong><\/h5>\n<p><a href=\"https:\/\/vioretjoyas.es\/en\/tienda\/earrings\/charity-silver-jewel\/\"><img loading=\"lazy\" decoding=\"async\" class=\"alignnone wp-image-7555 size-full\" src=\"https:\/\/vioretjoyas.es\/wp-content\/uploads\/2021\/01\/Cuadro-de-Plata-Producto.jpg\" alt=\"\" width=\"30\" height=\"30\" \/><\/a> \u00a0 \u00a0<a href=\"https:\/\/vioretjoyas.es\/en\/tienda\/earrings\/charity-gold-jewel\/\"><img loading=\"lazy\" decoding=\"async\" class=\"alignnone wp-image-7554\" src=\"https:\/\/vioretjoyas.es\/wp-content\/uploads\/2021\/01\/Cuadro-de-Oro-Producto.jpg\" alt=\"\" width=\"30\" height=\"30\" \/><\/a><\/p>\n<ul>\n<li>Material: Special brass for fine jewelry<\/li>\n<li>Finishing: Silver rhodium plating<\/li>\n<li>Measurement: 5 cm length and 1,7 cm stud<\/li>\n<li>Chain thickness: 2,2 mm<\/li>\n<li>Push-back clasp<\/li>\n<li>Also in 18K gold-plated of high wear resistance<\/li>\n<li>Hypoallergenic item, nickel-Free<\/li>\n<li>Approximate measurements<\/li>\n<\/ul>\n<p>Silver rhodium plating is a hard material resistant to corrosion and daily use. Therefore, jewels keep their initial appearance for much longer, unlike baths that are less durable.<\/p>\n<p><img loading=\"lazy\" decoding=\"async\" class=\"alignnone wp-image-7883\" src=\"https:\/\/vioretjoyas.es\/en\/wp-content\/uploads\/sites\/7\/2020\/02\/Lingote-Rodio-Ingles-215x300.jpg\" alt=\"\" width=\"60\" height=\"84\" srcset=\"https:\/\/vioretjoyas.es\/en\/wp-content\/uploads\/sites\/7\/2020\/02\/Lingote-Rodio-Ingles-215x300.jpg 215w, https:\/\/vioretjoyas.es\/en\/wp-content\/uploads\/sites\/7\/2020\/02\/Lingote-Rodio-Ingles.jpg 311w\" sizes=\"auto, (max-width: 60px) 100vw, 60px\" \/> <img loading=\"lazy\" decoding=\"async\" class=\"alignnone wp-image-7853\" src=\"https:\/\/vioretjoyas.es\/en\/wp-content\/uploads\/sites\/7\/2019\/06\/Plantilla-Iconos-Producto-In-1-215x300.jpg\" alt=\"\" width=\"60\" height=\"84\" srcset=\"https:\/\/vioretjoyas.es\/en\/wp-content\/uploads\/sites\/7\/2019\/06\/Plantilla-Iconos-Producto-In-1-215x300.jpg 215w, https:\/\/vioretjoyas.es\/en\/wp-content\/uploads\/sites\/7\/2019\/06\/Plantilla-Iconos-Producto-In-1.jpg 311w\" sizes=\"auto, (max-width: 60px) 100vw, 60px\" \/> <img loading=\"lazy\" decoding=\"async\" class=\"alignnone wp-image-7841\" src=\"https:\/\/vioretjoyas.es\/en\/wp-content\/uploads\/sites\/7\/2019\/06\/Disenos-Exclusivos-In-215x300.jpg\" alt=\"\" width=\"60\" height=\"84\" srcset=\"https:\/\/vioretjoyas.es\/en\/wp-content\/uploads\/sites\/7\/2019\/06\/Disenos-Exclusivos-In-215x300.jpg 215w, https:\/\/vioretjoyas.es\/en\/wp-content\/uploads\/sites\/7\/2019\/06\/Disenos-Exclusivos-In.jpg 311w\" sizes=\"auto, (max-width: 60px) 100vw, 60px\" \/> <a href=\"https:\/\/vioretjoyas.es\/en\/shipping\/\"><img loading=\"lazy\" decoding=\"async\" class=\"alignnone wp-image-7843\" src=\"https:\/\/vioretjoyas.es\/en\/wp-content\/uploads\/sites\/7\/2019\/06\/Envios-Recortada-Ingles-215x300.jpg\" alt=\"\" width=\"60\" height=\"84\" srcset=\"https:\/\/vioretjoyas.es\/en\/wp-content\/uploads\/sites\/7\/2019\/06\/Envios-Recortada-Ingles-215x300.jpg 215w, https:\/\/vioretjoyas.es\/en\/wp-content\/uploads\/sites\/7\/2019\/06\/Envios-Recortada-Ingles.jpg 311w\" sizes=\"auto, (max-width: 60px) 100vw, 60px\" \/><\/a> <a href=\"https:\/\/vioretjoyas.es\/en\/cambios-y-devoluciones\/\"><img loading=\"lazy\" decoding=\"async\" class=\"alignnone wp-image-7858\" src=\"https:\/\/vioretjoyas.es\/en\/wp-content\/uploads\/sites\/7\/2018\/12\/Envio-Gratis-Ingles-envio-215x300.jpg\" alt=\"\" width=\"60\" height=\"84\" srcset=\"https:\/\/vioretjoyas.es\/en\/wp-content\/uploads\/sites\/7\/2018\/12\/Envio-Gratis-Ingles-envio-215x300.jpg 215w, https:\/\/vioretjoyas.es\/en\/wp-content\/uploads\/sites\/7\/2018\/12\/Envio-Gratis-Ingles-envio.jpg 311w\" sizes=\"auto, (max-width: 60px) 100vw, 60px\" \/><\/a> <img loading=\"lazy\" decoding=\"async\" class=\"alignnone wp-image-7840\" src=\"https:\/\/vioretjoyas.es\/en\/wp-content\/uploads\/sites\/7\/2019\/06\/Compra-Protegida-in-215x300.jpg\" alt=\"\" width=\"60\" height=\"84\" srcset=\"https:\/\/vioretjoyas.es\/en\/wp-content\/uploads\/sites\/7\/2019\/06\/Compra-Protegida-in-215x300.jpg 215w, https:\/\/vioretjoyas.es\/en\/wp-content\/uploads\/sites\/7\/2019\/06\/Compra-Protegida-in.jpg 311w\" sizes=\"auto, (max-width: 60px) 100vw, 60px\" \/> <img loading=\"lazy\" decoding=\"async\" class=\"alignnone wp-image-7850\" src=\"https:\/\/vioretjoyas.es\/en\/wp-content\/uploads\/sites\/7\/2019\/06\/Mapa-Espana-215x300.jpg\" alt=\"\" width=\"60\" height=\"84\" srcset=\"https:\/\/vioretjoyas.es\/en\/wp-content\/uploads\/sites\/7\/2019\/06\/Mapa-Espana-215x300.jpg 215w, https:\/\/vioretjoyas.es\/en\/wp-content\/uploads\/sites\/7\/2019\/06\/Mapa-Espana.jpg 311w\" sizes=\"auto, (max-width: 60px) 100vw, 60px\" \/><\/p>\n","protected":false},"featured_media":5252,"comment_status":"open","ping_status":"closed","template":"","meta":{"_joinchat":[]},"product_brand":[],"product_cat":[65,131,67,175,189],"product_tag":[],"class_list":{"0":"post-3477","1":"product","2":"type-product","3":"status-publish","4":"has-post-thumbnail","6":"product_cat-exclusive-earrings","7":"product_cat-miss-design-jewels-collection","8":"product_cat-exclusive-new-in","9":"product_cat-selection-from-36e-to-50e","10":"product_cat-silver-finished-earrings","12":"first","13":"instock","14":"featured","15":"taxable","16":"shipping-taxable","17":"purchasable","18":"product-type-simple"},"yoast_head":"<!-- This site is optimized with the Yoast SEO plugin v25.4 - https:\/\/yoast.com\/wordpress\/plugins\/seo\/ -->\n<title>Charity Silver Jewel - VIORET JEWELS \u00ae<\/title>\n<meta name=\"robots\" content=\"index, follow, max-snippet:-1, max-image-preview:large, max-video-preview:-1\" \/>\n<link rel=\"canonical\" href=\"https:\/\/vioretjoyas.es\/en\/tienda\/exclusive-earrings\/silver-finished-earrings\/charity-silver-jewel\/\" \/>\n<meta property=\"og:locale\" content=\"en_US\" \/>\n<meta property=\"og:type\" content=\"article\" \/>\n<meta property=\"og:title\" content=\"Charity Silver Jewel - VIORET JEWELS \u00ae\" \/>\n<meta property=\"og:description\" content=\"VIORET, in its social commitment, wants to contribute to solidarity causes. For this reason, we collaborate with a renewable\u00a0charitable jewel, whose monetary value will be in part donated, to the AECC (Asociaci\u00f3n Espa\u00f1ola Contra el C\u00e1ncer), (Spanish Association Against Cancer). The 70% of the sale price\u00a0(except the shipping costs) will be donated to the AECC.  You can find more information in the section of our website Charity Jewel.  Design owned by Cris Vioret Finishing  \u00a0 \u00a0   Material: Special brass for fine jewelry  Finishing: Silver rhodium plating  Measurement: 5 cm length and 1,7 cm stud  Chain thickness: 2,2 mm  Push-back clasp  Also in 18K gold-plated of high wear resistance  Hypoallergenic item, nickel-Free  Approximate measurements  Silver rhodium plating is a hard material resistant to corrosion and daily use. Therefore, jewels keep their initial appearance for much longer, unlike baths that are less durable.\" \/>\n<meta property=\"og:url\" content=\"https:\/\/vioretjoyas.es\/en\/tienda\/exclusive-earrings\/silver-finished-earrings\/charity-silver-jewel\/\" \/>\n<meta property=\"og:site_name\" content=\"VIORET JEWELS \u00ae\" \/>\n<meta property=\"article:modified_time\" content=\"2021-11-07T20:57:01+00:00\" \/>\n<meta property=\"og:image\" content=\"https:\/\/vioretjoyas.es\/en\/wp-content\/uploads\/sites\/7\/2018\/07\/Pendientes-Plata-Zarina.jpg\" \/>\n\t<meta property=\"og:image:width\" content=\"1024\" \/>\n\t<meta property=\"og:image:height\" content=\"1024\" \/>\n\t<meta property=\"og:image:type\" content=\"image\/jpeg\" \/>\n<meta name=\"twitter:card\" content=\"summary_large_image\" \/>\n<meta name=\"twitter:label1\" content=\"Est. reading time\" \/>\n\t<meta name=\"twitter:data1\" content=\"1 minute\" \/>\n<script type=\"application\/ld+json\" class=\"yoast-schema-graph\">{\"@context\":\"https:\/\/schema.org\",\"@graph\":[{\"@type\":\"WebPage\",\"@id\":\"https:\/\/vioretjoyas.es\/en\/tienda\/exclusive-earrings\/silver-finished-earrings\/charity-silver-jewel\/\",\"url\":\"https:\/\/vioretjoyas.es\/en\/tienda\/exclusive-earrings\/silver-finished-earrings\/charity-silver-jewel\/\",\"name\":\"Charity Silver Jewel - VIORET JEWELS \u00ae\",\"isPartOf\":{\"@id\":\"https:\/\/vioretjoyas.es\/en\/#website\"},\"primaryImageOfPage\":{\"@id\":\"https:\/\/vioretjoyas.es\/en\/tienda\/exclusive-earrings\/silver-finished-earrings\/charity-silver-jewel\/#primaryimage\"},\"image\":{\"@id\":\"https:\/\/vioretjoyas.es\/en\/tienda\/exclusive-earrings\/silver-finished-earrings\/charity-silver-jewel\/#primaryimage\"},\"thumbnailUrl\":\"https:\/\/vioretjoyas.es\/en\/wp-content\/uploads\/sites\/7\/2018\/07\/Pendientes-Plata-Zarina.jpg\",\"datePublished\":\"2018-07-05T13:20:06+00:00\",\"dateModified\":\"2021-11-07T20:57:01+00:00\",\"breadcrumb\":{\"@id\":\"https:\/\/vioretjoyas.es\/en\/tienda\/exclusive-earrings\/silver-finished-earrings\/charity-silver-jewel\/#breadcrumb\"},\"inLanguage\":\"en-US\",\"potentialAction\":[{\"@type\":\"ReadAction\",\"target\":[\"https:\/\/vioretjoyas.es\/en\/tienda\/exclusive-earrings\/silver-finished-earrings\/charity-silver-jewel\/\"]}]},{\"@type\":\"ImageObject\",\"inLanguage\":\"en-US\",\"@id\":\"https:\/\/vioretjoyas.es\/en\/tienda\/exclusive-earrings\/silver-finished-earrings\/charity-silver-jewel\/#primaryimage\",\"url\":\"https:\/\/vioretjoyas.es\/en\/wp-content\/uploads\/sites\/7\/2018\/07\/Pendientes-Plata-Zarina.jpg\",\"contentUrl\":\"https:\/\/vioretjoyas.es\/en\/wp-content\/uploads\/sites\/7\/2018\/07\/Pendientes-Plata-Zarina.jpg\",\"width\":1024,\"height\":1024},{\"@type\":\"BreadcrumbList\",\"@id\":\"https:\/\/vioretjoyas.es\/en\/tienda\/exclusive-earrings\/silver-finished-earrings\/charity-silver-jewel\/#breadcrumb\",\"itemListElement\":[{\"@type\":\"ListItem\",\"position\":1,\"name\":\"Portada\",\"item\":\"https:\/\/vioretjoyas.es\/en\/\"},{\"@type\":\"ListItem\",\"position\":2,\"name\":\"Shop\",\"item\":\"https:\/\/vioretjoyas.es\/en\/tienda\/\"},{\"@type\":\"ListItem\",\"position\":3,\"name\":\"Charity Silver Jewel\"}]},{\"@type\":\"WebSite\",\"@id\":\"https:\/\/vioretjoyas.es\/en\/#website\",\"url\":\"https:\/\/vioretjoyas.es\/en\/\",\"name\":\"VIORET JEWELS \u00ae\",\"description\":\"Joyas Pure Design by Cris Vioret\",\"potentialAction\":[{\"@type\":\"SearchAction\",\"target\":{\"@type\":\"EntryPoint\",\"urlTemplate\":\"https:\/\/vioretjoyas.es\/en\/?s={search_term_string}\"},\"query-input\":{\"@type\":\"PropertyValueSpecification\",\"valueRequired\":true,\"valueName\":\"search_term_string\"}}],\"inLanguage\":\"en-US\"}]}<\/script>\n<!-- \/ Yoast SEO plugin. -->","yoast_head_json":{"title":"Charity Silver Jewel - VIORET JEWELS \u00ae","robots":{"index":"index","follow":"follow","max-snippet":"max-snippet:-1","max-image-preview":"max-image-preview:large","max-video-preview":"max-video-preview:-1"},"canonical":"https:\/\/vioretjoyas.es\/en\/tienda\/exclusive-earrings\/silver-finished-earrings\/charity-silver-jewel\/","og_locale":"en_US","og_type":"article","og_title":"Charity Silver Jewel - VIORET JEWELS \u00ae","og_description":"VIORET, in its social commitment, wants to contribute to solidarity causes. For this reason, we collaborate with a renewable\u00a0charitable jewel, whose monetary value will be in part donated, to the AECC (Asociaci\u00f3n Espa\u00f1ola Contra el C\u00e1ncer), (Spanish Association Against Cancer). The 70% of the sale price\u00a0(except the shipping costs) will be donated to the AECC.  You can find more information in the section of our website Charity Jewel.  Design owned by Cris Vioret Finishing  \u00a0 \u00a0   Material: Special brass for fine jewelry  Finishing: Silver rhodium plating  Measurement: 5 cm length and 1,7 cm stud  Chain thickness: 2,2 mm  Push-back clasp  Also in 18K gold-plated of high wear resistance  Hypoallergenic item, nickel-Free  Approximate measurements  Silver rhodium plating is a hard material resistant to corrosion and daily use. Therefore, jewels keep their initial appearance for much longer, unlike baths that are less durable.","og_url":"https:\/\/vioretjoyas.es\/en\/tienda\/exclusive-earrings\/silver-finished-earrings\/charity-silver-jewel\/","og_site_name":"VIORET JEWELS \u00ae","article_modified_time":"2021-11-07T20:57:01+00:00","og_image":[{"width":1024,"height":1024,"url":"https:\/\/vioretjoyas.es\/en\/wp-content\/uploads\/sites\/7\/2018\/07\/Pendientes-Plata-Zarina.jpg","type":"image\/jpeg"}],"twitter_card":"summary_large_image","twitter_misc":{"Est. reading time":"1 minute"},"schema":{"@context":"https:\/\/schema.org","@graph":[{"@type":"WebPage","@id":"https:\/\/vioretjoyas.es\/en\/tienda\/exclusive-earrings\/silver-finished-earrings\/charity-silver-jewel\/","url":"https:\/\/vioretjoyas.es\/en\/tienda\/exclusive-earrings\/silver-finished-earrings\/charity-silver-jewel\/","name":"Charity Silver Jewel - VIORET JEWELS \u00ae","isPartOf":{"@id":"https:\/\/vioretjoyas.es\/en\/#website"},"primaryImageOfPage":{"@id":"https:\/\/vioretjoyas.es\/en\/tienda\/exclusive-earrings\/silver-finished-earrings\/charity-silver-jewel\/#primaryimage"},"image":{"@id":"https:\/\/vioretjoyas.es\/en\/tienda\/exclusive-earrings\/silver-finished-earrings\/charity-silver-jewel\/#primaryimage"},"thumbnailUrl":"https:\/\/vioretjoyas.es\/en\/wp-content\/uploads\/sites\/7\/2018\/07\/Pendientes-Plata-Zarina.jpg","datePublished":"2018-07-05T13:20:06+00:00","dateModified":"2021-11-07T20:57:01+00:00","breadcrumb":{"@id":"https:\/\/vioretjoyas.es\/en\/tienda\/exclusive-earrings\/silver-finished-earrings\/charity-silver-jewel\/#breadcrumb"},"inLanguage":"en-US","potentialAction":[{"@type":"ReadAction","target":["https:\/\/vioretjoyas.es\/en\/tienda\/exclusive-earrings\/silver-finished-earrings\/charity-silver-jewel\/"]}]},{"@type":"ImageObject","inLanguage":"en-US","@id":"https:\/\/vioretjoyas.es\/en\/tienda\/exclusive-earrings\/silver-finished-earrings\/charity-silver-jewel\/#primaryimage","url":"https:\/\/vioretjoyas.es\/en\/wp-content\/uploads\/sites\/7\/2018\/07\/Pendientes-Plata-Zarina.jpg","contentUrl":"https:\/\/vioretjoyas.es\/en\/wp-content\/uploads\/sites\/7\/2018\/07\/Pendientes-Plata-Zarina.jpg","width":1024,"height":1024},{"@type":"BreadcrumbList","@id":"https:\/\/vioretjoyas.es\/en\/tienda\/exclusive-earrings\/silver-finished-earrings\/charity-silver-jewel\/#breadcrumb","itemListElement":[{"@type":"ListItem","position":1,"name":"Portada","item":"https:\/\/vioretjoyas.es\/en\/"},{"@type":"ListItem","position":2,"name":"Shop","item":"https:\/\/vioretjoyas.es\/en\/tienda\/"},{"@type":"ListItem","position":3,"name":"Charity Silver Jewel"}]},{"@type":"WebSite","@id":"https:\/\/vioretjoyas.es\/en\/#website","url":"https:\/\/vioretjoyas.es\/en\/","name":"VIORET JEWELS \u00ae","description":"Joyas Pure Design by Cris Vioret","potentialAction":[{"@type":"SearchAction","target":{"@type":"EntryPoint","urlTemplate":"https:\/\/vioretjoyas.es\/en\/?s={search_term_string}"},"query-input":{"@type":"PropertyValueSpecification","valueRequired":true,"valueName":"search_term_string"}}],"inLanguage":"en-US"}]}},"_links":{"self":[{"href":"https:\/\/vioretjoyas.es\/en\/wp-json\/wp\/v2\/product\/3477","targetHints":{"allow":["GET"]}}],"collection":[{"href":"https:\/\/vioretjoyas.es\/en\/wp-json\/wp\/v2\/product"}],"about":[{"href":"https:\/\/vioretjoyas.es\/en\/wp-json\/wp\/v2\/types\/product"}],"replies":[{"embeddable":true,"href":"https:\/\/vioretjoyas.es\/en\/wp-json\/wp\/v2\/comments?post=3477"}],"wp:featuredmedia":[{"embeddable":true,"href":"https:\/\/vioretjoyas.es\/en\/wp-json\/wp\/v2\/media\/5252"}],"wp:attachment":[{"href":"https:\/\/vioretjoyas.es\/en\/wp-json\/wp\/v2\/media?parent=3477"}],"wp:term":[{"taxonomy":"product_brand","embeddable":true,"href":"https:\/\/vioretjoyas.es\/en\/wp-json\/wp\/v2\/product_brand?post=3477"},{"taxonomy":"product_cat","embeddable":true,"href":"https:\/\/vioretjoyas.es\/en\/wp-json\/wp\/v2\/product_cat?post=3477"},{"taxonomy":"product_tag","embeddable":true,"href":"https:\/\/vioretjoyas.es\/en\/wp-json\/wp\/v2\/product_tag?post=3477"}],"curies":[{"name":"wp","href":"https:\/\/api.w.org\/{rel}","templated":true}]}}