{"id":3507,"date":"2018-07-09T14:58:41","date_gmt":"2018-07-09T14:58:41","guid":{"rendered":"https:\/\/vioretjoyas.es\/?post_type=product&#038;p=3507"},"modified":"2021-06-23T00:24:19","modified_gmt":"2021-06-22T22:24:19","slug":"pendientes-plata-isabela","status":"publish","type":"product","link":"https:\/\/vioretjoyas.es\/en\/tienda\/exclusive-earrings\/pendientes-plata-isabela\/","title":{"rendered":"Pendientes Plata Isabela"},"content":{"rendered":"<h5><span style=\"color: #993366;\"><em>Pendientes Plata Isabela<\/em><\/span><\/h5>\n<p>Si apuestas por los dise\u00f1os originales y vistosos, los pendientes plata Isabela \u00a1te encantar\u00e1n!<\/p>\n<p>Est\u00e1n fabricados en lat\u00f3n de aleaci\u00f3n fina especial para joyer\u00eda y chapados de rodio en plata gran resistencia al desgaste. Miden 4,7 cm de largo y 5 cm de cabezal. Sistema de cierre de presi\u00f3n con tuerca tradicional.<\/p>\n<p>Tambi\u00e9n chapado en oro de 18 quilates. Todas nuestras joyas est\u00e1n fabricadas sin n\u00edquel, de acuerdo a la normativa europea.<\/p>\n<p>Comb\u00ednalos con las pulseras, colgantes y anillos preferidos de nuestra colecci\u00f3n.<\/p>\n<p>\u00a1Dise\u00f1os exclusivos de VIORET!<\/p>\n","protected":false},"excerpt":{"rendered":"<p><strong>Finishing<\/strong><\/p>\n<p><a href=\"https:\/\/vioretjoyas.es\/en\/tienda\/earrings\/pendientes-plata-isabela\/\"><img loading=\"lazy\" decoding=\"async\" class=\"alignnone wp-image-7555 size-full\" src=\"https:\/\/vioretjoyas.es\/wp-content\/uploads\/2021\/01\/Cuadro-de-Plata-Producto.jpg\" alt=\"\" width=\"30\" height=\"30\" \/><\/a> \u00a0 \u00a0<a href=\"https:\/\/vioretjoyas.es\/en\/tienda\/earrings\/isabela-gold-earrings\/\"><img loading=\"lazy\" decoding=\"async\" class=\"alignnone wp-image-7554\" src=\"https:\/\/vioretjoyas.es\/wp-content\/uploads\/2021\/01\/Cuadro-de-Oro-Producto.jpg\" alt=\"\" width=\"30\" height=\"30\" \/><\/a><\/p>\n<ul>\n<li>Material: Lat\u00f3n de aleaci\u00f3n fina especial para joyer\u00eda<\/li>\n<li>Acabado: Chapado de rodio en plata de gran resistencia al desgaste<\/li>\n<li>Medida: 4,7 cm y 5 mm de cabezal<\/li>\n<li>Cierre de presi\u00f3n con tuerca tradicional<\/li>\n<li>Tambi\u00e9n chapado en oro de 18 quilates<\/li>\n<li>Producto sin n\u00edquel<\/li>\n<li>Las medidas descritas son aproximadas<\/li>\n<\/ul>\n<p>El rodio es un material duro, resistente a la corrosi\u00f3n y al uso diario. Por tanto, las joyas conservan su brillo inicial durante mucho m\u00e1s tiempo, a diferencia de los ba\u00f1os que son menos duraderos.<\/p>\n<p>&nbsp;<\/p>\n","protected":false},"featured_media":5376,"comment_status":"open","ping_status":"closed","template":"","meta":{"_joinchat":[]},"product_brand":[],"product_cat":[65,131],"product_tag":[],"class_list":{"0":"post-3507","1":"product","2":"type-product","3":"status-publish","4":"has-post-thumbnail","6":"product_cat-exclusive-earrings","7":"product_cat-miss-design-jewels-collection","9":"first","10":"instock","11":"taxable","12":"shipping-taxable","13":"purchasable","14":"product-type-simple"},"yoast_head":"<!-- This site is optimized with the Yoast SEO plugin v25.4 - https:\/\/yoast.com\/wordpress\/plugins\/seo\/ -->\n<title>Pendientes Plata Isabela - VIORET JEWELS \u00ae<\/title>\n<meta name=\"robots\" content=\"index, follow, max-snippet:-1, max-image-preview:large, max-video-preview:-1\" \/>\n<link rel=\"canonical\" href=\"https:\/\/vioretjoyas.es\/en\/tienda\/exclusive-earrings\/pendientes-plata-isabela\/\" \/>\n<meta property=\"og:locale\" content=\"en_US\" \/>\n<meta property=\"og:type\" content=\"article\" \/>\n<meta property=\"og:title\" content=\"Pendientes Plata Isabela - VIORET JEWELS \u00ae\" \/>\n<meta property=\"og:description\" content=\"Finishing   \u00a0 \u00a0   Material: Lat\u00f3n de aleaci\u00f3n fina especial para joyer\u00eda  Acabado: Chapado de rodio en plata de gran resistencia al desgaste  Medida: 4,7 cm y 5 mm de cabezal  Cierre de presi\u00f3n con tuerca tradicional  Tambi\u00e9n chapado en oro de 18 quilates  Producto sin n\u00edquel  Las medidas descritas son aproximadas  El rodio es un material duro, resistente a la corrosi\u00f3n y al uso diario. Por tanto, las joyas conservan su brillo inicial durante mucho m\u00e1s tiempo, a diferencia de los ba\u00f1os que son menos duraderos.  &nbsp;\" \/>\n<meta property=\"og:url\" content=\"https:\/\/vioretjoyas.es\/en\/tienda\/exclusive-earrings\/pendientes-plata-isabela\/\" \/>\n<meta property=\"og:site_name\" content=\"VIORET JEWELS \u00ae\" \/>\n<meta property=\"article:modified_time\" content=\"2021-06-22T22:24:19+00:00\" \/>\n<meta property=\"og:image\" content=\"https:\/\/vioretjoyas.es\/en\/wp-content\/uploads\/sites\/7\/2018\/07\/Pendientes-Plata-Isabela.jpg\" \/>\n\t<meta property=\"og:image:width\" content=\"1024\" \/>\n\t<meta property=\"og:image:height\" content=\"1024\" \/>\n\t<meta property=\"og:image:type\" content=\"image\/jpeg\" \/>\n<meta name=\"twitter:card\" content=\"summary_large_image\" \/>\n<meta name=\"twitter:label1\" content=\"Est. reading time\" \/>\n\t<meta name=\"twitter:data1\" content=\"1 minute\" \/>\n<script type=\"application\/ld+json\" class=\"yoast-schema-graph\">{\"@context\":\"https:\/\/schema.org\",\"@graph\":[{\"@type\":\"WebPage\",\"@id\":\"https:\/\/vioretjoyas.es\/en\/tienda\/exclusive-earrings\/pendientes-plata-isabela\/\",\"url\":\"https:\/\/vioretjoyas.es\/en\/tienda\/exclusive-earrings\/pendientes-plata-isabela\/\",\"name\":\"Pendientes Plata Isabela - VIORET JEWELS \u00ae\",\"isPartOf\":{\"@id\":\"https:\/\/vioretjoyas.es\/en\/#website\"},\"primaryImageOfPage\":{\"@id\":\"https:\/\/vioretjoyas.es\/en\/tienda\/exclusive-earrings\/pendientes-plata-isabela\/#primaryimage\"},\"image\":{\"@id\":\"https:\/\/vioretjoyas.es\/en\/tienda\/exclusive-earrings\/pendientes-plata-isabela\/#primaryimage\"},\"thumbnailUrl\":\"https:\/\/vioretjoyas.es\/en\/wp-content\/uploads\/sites\/7\/2018\/07\/Pendientes-Plata-Isabela.jpg\",\"datePublished\":\"2018-07-09T14:58:41+00:00\",\"dateModified\":\"2021-06-22T22:24:19+00:00\",\"breadcrumb\":{\"@id\":\"https:\/\/vioretjoyas.es\/en\/tienda\/exclusive-earrings\/pendientes-plata-isabela\/#breadcrumb\"},\"inLanguage\":\"en-US\",\"potentialAction\":[{\"@type\":\"ReadAction\",\"target\":[\"https:\/\/vioretjoyas.es\/en\/tienda\/exclusive-earrings\/pendientes-plata-isabela\/\"]}]},{\"@type\":\"ImageObject\",\"inLanguage\":\"en-US\",\"@id\":\"https:\/\/vioretjoyas.es\/en\/tienda\/exclusive-earrings\/pendientes-plata-isabela\/#primaryimage\",\"url\":\"https:\/\/vioretjoyas.es\/en\/wp-content\/uploads\/sites\/7\/2018\/07\/Pendientes-Plata-Isabela.jpg\",\"contentUrl\":\"https:\/\/vioretjoyas.es\/en\/wp-content\/uploads\/sites\/7\/2018\/07\/Pendientes-Plata-Isabela.jpg\",\"width\":1024,\"height\":1024},{\"@type\":\"BreadcrumbList\",\"@id\":\"https:\/\/vioretjoyas.es\/en\/tienda\/exclusive-earrings\/pendientes-plata-isabela\/#breadcrumb\",\"itemListElement\":[{\"@type\":\"ListItem\",\"position\":1,\"name\":\"Portada\",\"item\":\"https:\/\/vioretjoyas.es\/en\/\"},{\"@type\":\"ListItem\",\"position\":2,\"name\":\"Shop\",\"item\":\"https:\/\/vioretjoyas.es\/en\/tienda\/\"},{\"@type\":\"ListItem\",\"position\":3,\"name\":\"Pendientes Plata Isabela\"}]},{\"@type\":\"WebSite\",\"@id\":\"https:\/\/vioretjoyas.es\/en\/#website\",\"url\":\"https:\/\/vioretjoyas.es\/en\/\",\"name\":\"VIORET JEWELS \u00ae\",\"description\":\"Joyas Pure Design by Cris Vioret\",\"potentialAction\":[{\"@type\":\"SearchAction\",\"target\":{\"@type\":\"EntryPoint\",\"urlTemplate\":\"https:\/\/vioretjoyas.es\/en\/?s={search_term_string}\"},\"query-input\":{\"@type\":\"PropertyValueSpecification\",\"valueRequired\":true,\"valueName\":\"search_term_string\"}}],\"inLanguage\":\"en-US\"}]}<\/script>\n<!-- \/ Yoast SEO plugin. -->","yoast_head_json":{"title":"Pendientes Plata Isabela - VIORET JEWELS \u00ae","robots":{"index":"index","follow":"follow","max-snippet":"max-snippet:-1","max-image-preview":"max-image-preview:large","max-video-preview":"max-video-preview:-1"},"canonical":"https:\/\/vioretjoyas.es\/en\/tienda\/exclusive-earrings\/pendientes-plata-isabela\/","og_locale":"en_US","og_type":"article","og_title":"Pendientes Plata Isabela - VIORET JEWELS \u00ae","og_description":"Finishing   \u00a0 \u00a0   Material: Lat\u00f3n de aleaci\u00f3n fina especial para joyer\u00eda  Acabado: Chapado de rodio en plata de gran resistencia al desgaste  Medida: 4,7 cm y 5 mm de cabezal  Cierre de presi\u00f3n con tuerca tradicional  Tambi\u00e9n chapado en oro de 18 quilates  Producto sin n\u00edquel  Las medidas descritas son aproximadas  El rodio es un material duro, resistente a la corrosi\u00f3n y al uso diario. Por tanto, las joyas conservan su brillo inicial durante mucho m\u00e1s tiempo, a diferencia de los ba\u00f1os que son menos duraderos.  &nbsp;","og_url":"https:\/\/vioretjoyas.es\/en\/tienda\/exclusive-earrings\/pendientes-plata-isabela\/","og_site_name":"VIORET JEWELS \u00ae","article_modified_time":"2021-06-22T22:24:19+00:00","og_image":[{"width":1024,"height":1024,"url":"https:\/\/vioretjoyas.es\/en\/wp-content\/uploads\/sites\/7\/2018\/07\/Pendientes-Plata-Isabela.jpg","type":"image\/jpeg"}],"twitter_card":"summary_large_image","twitter_misc":{"Est. reading time":"1 minute"},"schema":{"@context":"https:\/\/schema.org","@graph":[{"@type":"WebPage","@id":"https:\/\/vioretjoyas.es\/en\/tienda\/exclusive-earrings\/pendientes-plata-isabela\/","url":"https:\/\/vioretjoyas.es\/en\/tienda\/exclusive-earrings\/pendientes-plata-isabela\/","name":"Pendientes Plata Isabela - VIORET JEWELS \u00ae","isPartOf":{"@id":"https:\/\/vioretjoyas.es\/en\/#website"},"primaryImageOfPage":{"@id":"https:\/\/vioretjoyas.es\/en\/tienda\/exclusive-earrings\/pendientes-plata-isabela\/#primaryimage"},"image":{"@id":"https:\/\/vioretjoyas.es\/en\/tienda\/exclusive-earrings\/pendientes-plata-isabela\/#primaryimage"},"thumbnailUrl":"https:\/\/vioretjoyas.es\/en\/wp-content\/uploads\/sites\/7\/2018\/07\/Pendientes-Plata-Isabela.jpg","datePublished":"2018-07-09T14:58:41+00:00","dateModified":"2021-06-22T22:24:19+00:00","breadcrumb":{"@id":"https:\/\/vioretjoyas.es\/en\/tienda\/exclusive-earrings\/pendientes-plata-isabela\/#breadcrumb"},"inLanguage":"en-US","potentialAction":[{"@type":"ReadAction","target":["https:\/\/vioretjoyas.es\/en\/tienda\/exclusive-earrings\/pendientes-plata-isabela\/"]}]},{"@type":"ImageObject","inLanguage":"en-US","@id":"https:\/\/vioretjoyas.es\/en\/tienda\/exclusive-earrings\/pendientes-plata-isabela\/#primaryimage","url":"https:\/\/vioretjoyas.es\/en\/wp-content\/uploads\/sites\/7\/2018\/07\/Pendientes-Plata-Isabela.jpg","contentUrl":"https:\/\/vioretjoyas.es\/en\/wp-content\/uploads\/sites\/7\/2018\/07\/Pendientes-Plata-Isabela.jpg","width":1024,"height":1024},{"@type":"BreadcrumbList","@id":"https:\/\/vioretjoyas.es\/en\/tienda\/exclusive-earrings\/pendientes-plata-isabela\/#breadcrumb","itemListElement":[{"@type":"ListItem","position":1,"name":"Portada","item":"https:\/\/vioretjoyas.es\/en\/"},{"@type":"ListItem","position":2,"name":"Shop","item":"https:\/\/vioretjoyas.es\/en\/tienda\/"},{"@type":"ListItem","position":3,"name":"Pendientes Plata Isabela"}]},{"@type":"WebSite","@id":"https:\/\/vioretjoyas.es\/en\/#website","url":"https:\/\/vioretjoyas.es\/en\/","name":"VIORET JEWELS \u00ae","description":"Joyas Pure Design by Cris Vioret","potentialAction":[{"@type":"SearchAction","target":{"@type":"EntryPoint","urlTemplate":"https:\/\/vioretjoyas.es\/en\/?s={search_term_string}"},"query-input":{"@type":"PropertyValueSpecification","valueRequired":true,"valueName":"search_term_string"}}],"inLanguage":"en-US"}]}},"_links":{"self":[{"href":"https:\/\/vioretjoyas.es\/en\/wp-json\/wp\/v2\/product\/3507","targetHints":{"allow":["GET"]}}],"collection":[{"href":"https:\/\/vioretjoyas.es\/en\/wp-json\/wp\/v2\/product"}],"about":[{"href":"https:\/\/vioretjoyas.es\/en\/wp-json\/wp\/v2\/types\/product"}],"replies":[{"embeddable":true,"href":"https:\/\/vioretjoyas.es\/en\/wp-json\/wp\/v2\/comments?post=3507"}],"wp:featuredmedia":[{"embeddable":true,"href":"https:\/\/vioretjoyas.es\/en\/wp-json\/wp\/v2\/media\/5376"}],"wp:attachment":[{"href":"https:\/\/vioretjoyas.es\/en\/wp-json\/wp\/v2\/media?parent=3507"}],"wp:term":[{"taxonomy":"product_brand","embeddable":true,"href":"https:\/\/vioretjoyas.es\/en\/wp-json\/wp\/v2\/product_brand?post=3507"},{"taxonomy":"product_cat","embeddable":true,"href":"https:\/\/vioretjoyas.es\/en\/wp-json\/wp\/v2\/product_cat?post=3507"},{"taxonomy":"product_tag","embeddable":true,"href":"https:\/\/vioretjoyas.es\/en\/wp-json\/wp\/v2\/product_tag?post=3507"}],"curies":[{"name":"wp","href":"https:\/\/api.w.org\/{rel}","templated":true}]}}