{"id":5064,"date":"2019-09-21T09:42:07","date_gmt":"2019-09-21T09:42:07","guid":{"rendered":"https:\/\/vioretjoyas.es\/?post_type=product&#038;p=5064"},"modified":"2021-07-20T16:36:28","modified_gmt":"2021-07-20T14:36:28","slug":"pendientes-oro-noelia","status":"publish","type":"product","link":"https:\/\/vioretjoyas.es\/en\/tienda\/exclusive-earrings\/pendientes-oro-noelia\/","title":{"rendered":"Pendientes Oro Noelia"},"content":{"rendered":"<h5><em><span style=\"color: #993366;\">Pendientes Oro Noelia<\/span><\/em><\/h5>\n<p>Los pendientes de aro es el complemento que nunca falla. Ideales para cualquier ocasi\u00f3n.<\/p>\n<p>Est\u00e1n fabricados en lat\u00f3n de aleaci\u00f3n fina especial para joyer\u00eda y chapados en oro exclusivo de 18 quilates de gran resistencia al desgaste. Miden 3 cm de largo con aro de 2 cm de di\u00e1metro. Sistema de cierre de presi\u00f3n con tuerca tradicional.<\/p>\n<p>Todas nuestras joyas est\u00e1n fabricadas sin n\u00edquel, de acuerdo a la normativa europea.<\/p>\n<p>Dise\u00f1os exclusivos para ti<\/p>\n","protected":false},"excerpt":{"rendered":"<ul>\n<li>Material: Lat\u00f3n de aleaci\u00f3n fina especial para joyer\u00eda<\/li>\n<li>Acabado: Chapado exclusivo en oro de 18 quilates de gran resistencia al desgaste<\/li>\n<li>Medidas: 3 cm de largo<\/li>\n<li>Aro de 2 cm de di\u00e1metro<\/li>\n<li>Cierre de presi\u00f3n con tuerca tradicional<\/li>\n<li>Producto hipoal\u00e9rgico, sin n\u00edquel<\/li>\n<li>Las medidas descritas son aproximadas<\/li>\n<\/ul>\n<p>El lat\u00f3n chapado en oro de 18 quilates, es un material duro, resistente a la corrosi\u00f3n y al uso diario. Por tanto, las joyas conservan su aspecto inicial durante mucho m\u00e1s tiempo, a diferencia de los ba\u00f1os que son menos duraderos.<\/p>\n","protected":false},"featured_media":5065,"comment_status":"open","ping_status":"closed","template":"","meta":{"_joinchat":[]},"product_brand":[],"product_cat":[65,131],"product_tag":[],"class_list":{"0":"post-5064","1":"product","2":"type-product","3":"status-publish","4":"has-post-thumbnail","6":"product_cat-exclusive-earrings","7":"product_cat-miss-design-jewels-collection","9":"first","10":"outofstock","11":"taxable","12":"shipping-taxable","13":"purchasable","14":"product-type-simple"},"yoast_head":"<!-- This site is optimized with the Yoast SEO plugin v25.4 - https:\/\/yoast.com\/wordpress\/plugins\/seo\/ -->\n<title>Pendientes Oro Noelia - VIORET JEWELS \u00ae<\/title>\n<meta name=\"robots\" content=\"index, follow, max-snippet:-1, max-image-preview:large, max-video-preview:-1\" \/>\n<link rel=\"canonical\" href=\"https:\/\/vioretjoyas.es\/en\/tienda\/exclusive-earrings\/pendientes-oro-noelia\/\" \/>\n<meta property=\"og:locale\" content=\"en_US\" \/>\n<meta property=\"og:type\" content=\"article\" \/>\n<meta property=\"og:title\" content=\"Pendientes Oro Noelia - VIORET JEWELS \u00ae\" \/>\n<meta property=\"og:description\" content=\"Material: Lat\u00f3n de aleaci\u00f3n fina especial para joyer\u00eda  Acabado: Chapado exclusivo en oro de 18 quilates de gran resistencia al desgaste  Medidas: 3 cm de largo  Aro de 2 cm de di\u00e1metro  Cierre de presi\u00f3n con tuerca tradicional  Producto hipoal\u00e9rgico, sin n\u00edquel  Las medidas descritas son aproximadas  El lat\u00f3n chapado en oro de 18 quilates, es un material duro, resistente a la corrosi\u00f3n y al uso diario. Por tanto, las joyas conservan su aspecto inicial durante mucho m\u00e1s tiempo, a diferencia de los ba\u00f1os que son menos duraderos.\" \/>\n<meta property=\"og:url\" content=\"https:\/\/vioretjoyas.es\/en\/tienda\/exclusive-earrings\/pendientes-oro-noelia\/\" \/>\n<meta property=\"og:site_name\" content=\"VIORET JEWELS \u00ae\" \/>\n<meta property=\"article:modified_time\" content=\"2021-07-20T14:36:28+00:00\" \/>\n<meta property=\"og:image\" content=\"https:\/\/vioretjoyas.es\/en\/wp-content\/uploads\/sites\/7\/2019\/09\/Pendientes-Oro-Noelia.jpg\" \/>\n\t<meta property=\"og:image:width\" content=\"1024\" \/>\n\t<meta property=\"og:image:height\" content=\"1024\" \/>\n\t<meta property=\"og:image:type\" content=\"image\/jpeg\" \/>\n<meta name=\"twitter:card\" content=\"summary_large_image\" \/>\n<script type=\"application\/ld+json\" class=\"yoast-schema-graph\">{\"@context\":\"https:\/\/schema.org\",\"@graph\":[{\"@type\":\"WebPage\",\"@id\":\"https:\/\/vioretjoyas.es\/en\/tienda\/exclusive-earrings\/pendientes-oro-noelia\/\",\"url\":\"https:\/\/vioretjoyas.es\/en\/tienda\/exclusive-earrings\/pendientes-oro-noelia\/\",\"name\":\"Pendientes Oro Noelia - VIORET JEWELS \u00ae\",\"isPartOf\":{\"@id\":\"https:\/\/vioretjoyas.es\/en\/#website\"},\"primaryImageOfPage\":{\"@id\":\"https:\/\/vioretjoyas.es\/en\/tienda\/exclusive-earrings\/pendientes-oro-noelia\/#primaryimage\"},\"image\":{\"@id\":\"https:\/\/vioretjoyas.es\/en\/tienda\/exclusive-earrings\/pendientes-oro-noelia\/#primaryimage\"},\"thumbnailUrl\":\"https:\/\/vioretjoyas.es\/en\/wp-content\/uploads\/sites\/7\/2019\/09\/Pendientes-Oro-Noelia.jpg\",\"datePublished\":\"2019-09-21T09:42:07+00:00\",\"dateModified\":\"2021-07-20T14:36:28+00:00\",\"breadcrumb\":{\"@id\":\"https:\/\/vioretjoyas.es\/en\/tienda\/exclusive-earrings\/pendientes-oro-noelia\/#breadcrumb\"},\"inLanguage\":\"en-US\",\"potentialAction\":[{\"@type\":\"ReadAction\",\"target\":[\"https:\/\/vioretjoyas.es\/en\/tienda\/exclusive-earrings\/pendientes-oro-noelia\/\"]}]},{\"@type\":\"ImageObject\",\"inLanguage\":\"en-US\",\"@id\":\"https:\/\/vioretjoyas.es\/en\/tienda\/exclusive-earrings\/pendientes-oro-noelia\/#primaryimage\",\"url\":\"https:\/\/vioretjoyas.es\/en\/wp-content\/uploads\/sites\/7\/2019\/09\/Pendientes-Oro-Noelia.jpg\",\"contentUrl\":\"https:\/\/vioretjoyas.es\/en\/wp-content\/uploads\/sites\/7\/2019\/09\/Pendientes-Oro-Noelia.jpg\",\"width\":1024,\"height\":1024},{\"@type\":\"BreadcrumbList\",\"@id\":\"https:\/\/vioretjoyas.es\/en\/tienda\/exclusive-earrings\/pendientes-oro-noelia\/#breadcrumb\",\"itemListElement\":[{\"@type\":\"ListItem\",\"position\":1,\"name\":\"Portada\",\"item\":\"https:\/\/vioretjoyas.es\/en\/\"},{\"@type\":\"ListItem\",\"position\":2,\"name\":\"Shop\",\"item\":\"https:\/\/vioretjoyas.es\/en\/tienda\/\"},{\"@type\":\"ListItem\",\"position\":3,\"name\":\"Pendientes Oro Noelia\"}]},{\"@type\":\"WebSite\",\"@id\":\"https:\/\/vioretjoyas.es\/en\/#website\",\"url\":\"https:\/\/vioretjoyas.es\/en\/\",\"name\":\"VIORET JEWELS \u00ae\",\"description\":\"Joyas Pure Design by Cris Vioret\",\"potentialAction\":[{\"@type\":\"SearchAction\",\"target\":{\"@type\":\"EntryPoint\",\"urlTemplate\":\"https:\/\/vioretjoyas.es\/en\/?s={search_term_string}\"},\"query-input\":{\"@type\":\"PropertyValueSpecification\",\"valueRequired\":true,\"valueName\":\"search_term_string\"}}],\"inLanguage\":\"en-US\"}]}<\/script>\n<!-- \/ Yoast SEO plugin. -->","yoast_head_json":{"title":"Pendientes Oro Noelia - VIORET JEWELS \u00ae","robots":{"index":"index","follow":"follow","max-snippet":"max-snippet:-1","max-image-preview":"max-image-preview:large","max-video-preview":"max-video-preview:-1"},"canonical":"https:\/\/vioretjoyas.es\/en\/tienda\/exclusive-earrings\/pendientes-oro-noelia\/","og_locale":"en_US","og_type":"article","og_title":"Pendientes Oro Noelia - VIORET JEWELS \u00ae","og_description":"Material: Lat\u00f3n de aleaci\u00f3n fina especial para joyer\u00eda  Acabado: Chapado exclusivo en oro de 18 quilates de gran resistencia al desgaste  Medidas: 3 cm de largo  Aro de 2 cm de di\u00e1metro  Cierre de presi\u00f3n con tuerca tradicional  Producto hipoal\u00e9rgico, sin n\u00edquel  Las medidas descritas son aproximadas  El lat\u00f3n chapado en oro de 18 quilates, es un material duro, resistente a la corrosi\u00f3n y al uso diario. Por tanto, las joyas conservan su aspecto inicial durante mucho m\u00e1s tiempo, a diferencia de los ba\u00f1os que son menos duraderos.","og_url":"https:\/\/vioretjoyas.es\/en\/tienda\/exclusive-earrings\/pendientes-oro-noelia\/","og_site_name":"VIORET JEWELS \u00ae","article_modified_time":"2021-07-20T14:36:28+00:00","og_image":[{"width":1024,"height":1024,"url":"https:\/\/vioretjoyas.es\/en\/wp-content\/uploads\/sites\/7\/2019\/09\/Pendientes-Oro-Noelia.jpg","type":"image\/jpeg"}],"twitter_card":"summary_large_image","schema":{"@context":"https:\/\/schema.org","@graph":[{"@type":"WebPage","@id":"https:\/\/vioretjoyas.es\/en\/tienda\/exclusive-earrings\/pendientes-oro-noelia\/","url":"https:\/\/vioretjoyas.es\/en\/tienda\/exclusive-earrings\/pendientes-oro-noelia\/","name":"Pendientes Oro Noelia - VIORET JEWELS \u00ae","isPartOf":{"@id":"https:\/\/vioretjoyas.es\/en\/#website"},"primaryImageOfPage":{"@id":"https:\/\/vioretjoyas.es\/en\/tienda\/exclusive-earrings\/pendientes-oro-noelia\/#primaryimage"},"image":{"@id":"https:\/\/vioretjoyas.es\/en\/tienda\/exclusive-earrings\/pendientes-oro-noelia\/#primaryimage"},"thumbnailUrl":"https:\/\/vioretjoyas.es\/en\/wp-content\/uploads\/sites\/7\/2019\/09\/Pendientes-Oro-Noelia.jpg","datePublished":"2019-09-21T09:42:07+00:00","dateModified":"2021-07-20T14:36:28+00:00","breadcrumb":{"@id":"https:\/\/vioretjoyas.es\/en\/tienda\/exclusive-earrings\/pendientes-oro-noelia\/#breadcrumb"},"inLanguage":"en-US","potentialAction":[{"@type":"ReadAction","target":["https:\/\/vioretjoyas.es\/en\/tienda\/exclusive-earrings\/pendientes-oro-noelia\/"]}]},{"@type":"ImageObject","inLanguage":"en-US","@id":"https:\/\/vioretjoyas.es\/en\/tienda\/exclusive-earrings\/pendientes-oro-noelia\/#primaryimage","url":"https:\/\/vioretjoyas.es\/en\/wp-content\/uploads\/sites\/7\/2019\/09\/Pendientes-Oro-Noelia.jpg","contentUrl":"https:\/\/vioretjoyas.es\/en\/wp-content\/uploads\/sites\/7\/2019\/09\/Pendientes-Oro-Noelia.jpg","width":1024,"height":1024},{"@type":"BreadcrumbList","@id":"https:\/\/vioretjoyas.es\/en\/tienda\/exclusive-earrings\/pendientes-oro-noelia\/#breadcrumb","itemListElement":[{"@type":"ListItem","position":1,"name":"Portada","item":"https:\/\/vioretjoyas.es\/en\/"},{"@type":"ListItem","position":2,"name":"Shop","item":"https:\/\/vioretjoyas.es\/en\/tienda\/"},{"@type":"ListItem","position":3,"name":"Pendientes Oro Noelia"}]},{"@type":"WebSite","@id":"https:\/\/vioretjoyas.es\/en\/#website","url":"https:\/\/vioretjoyas.es\/en\/","name":"VIORET JEWELS \u00ae","description":"Joyas Pure Design by Cris Vioret","potentialAction":[{"@type":"SearchAction","target":{"@type":"EntryPoint","urlTemplate":"https:\/\/vioretjoyas.es\/en\/?s={search_term_string}"},"query-input":{"@type":"PropertyValueSpecification","valueRequired":true,"valueName":"search_term_string"}}],"inLanguage":"en-US"}]}},"_links":{"self":[{"href":"https:\/\/vioretjoyas.es\/en\/wp-json\/wp\/v2\/product\/5064","targetHints":{"allow":["GET"]}}],"collection":[{"href":"https:\/\/vioretjoyas.es\/en\/wp-json\/wp\/v2\/product"}],"about":[{"href":"https:\/\/vioretjoyas.es\/en\/wp-json\/wp\/v2\/types\/product"}],"replies":[{"embeddable":true,"href":"https:\/\/vioretjoyas.es\/en\/wp-json\/wp\/v2\/comments?post=5064"}],"wp:featuredmedia":[{"embeddable":true,"href":"https:\/\/vioretjoyas.es\/en\/wp-json\/wp\/v2\/media\/5065"}],"wp:attachment":[{"href":"https:\/\/vioretjoyas.es\/en\/wp-json\/wp\/v2\/media?parent=5064"}],"wp:term":[{"taxonomy":"product_brand","embeddable":true,"href":"https:\/\/vioretjoyas.es\/en\/wp-json\/wp\/v2\/product_brand?post=5064"},{"taxonomy":"product_cat","embeddable":true,"href":"https:\/\/vioretjoyas.es\/en\/wp-json\/wp\/v2\/product_cat?post=5064"},{"taxonomy":"product_tag","embeddable":true,"href":"https:\/\/vioretjoyas.es\/en\/wp-json\/wp\/v2\/product_tag?post=5064"}],"curies":[{"name":"wp","href":"https:\/\/api.w.org\/{rel}","templated":true}]}}